{"id":403,"date":"2025-04-07T18:34:57","date_gmt":"2025-04-07T16:34:57","guid":{"rendered":"http:\/\/www.directmethod.com\/?page_id=403"},"modified":"2025-09-24T16:42:02","modified_gmt":"2025-09-24T14:42:02","slug":"home","status":"publish","type":"page","link":"https:\/\/www.directmethod.com\/","title":{"rendered":"Home"},"content":{"rendered":"<div class=\"background-container bgc-02\">\n<div class=\"container\" style=\"position: relative;\"><img decoding=\"async\" class=\"logo-mobile visible-xs-block visible-sm-block\" src=\"https:\/\/www.directmethod.com\/wp-content\/themes\/diectmethodv2\/images\/logo_direct_language_lab_n.png\" alt=\"\" \/><\/p>\n<div class=\"row\">\n<div class=\"col-sm-12 visible-xs-block visible-sm-block\"><img decoding=\"async\" class=\"img-responsive\" style=\"float: right;\" src=\"https:\/\/www.directmethod.com\/wp-content\/themes\/diectmethodv2\/images\/okladki.png\" alt=\"\" \/><\/div>\n<div class=\"col-sm-12 col-md-5\">\n<div class=\"text-container text-table\">\n<div class=\"text-container text-cell\">\n<div class=\"scrollflow-slide-top\">\n<h2>Direct Language Lab<\/h2>\n<p>D\u00fcnya genelindeki dil okullar\u0131, \u015firketler ve \u00f6\u011frenciler i\u00e7in yabanc\u0131 dil kitaplar\u0131 yay\u0131nlamaktay\u0131z.<br \/>\n\u015eu anda 30&#8217;dan fazla \u00fclkeden 700 dil okuluyla i\u015fbirli\u011fi i\u00e7erisindeyiz.<\/p>\n<p>Misyonumuz, dil okullar\u0131na direk metodu kullanan yabanc\u0131 dil kitaplar\u0131 temin etmektir.<\/p>\n<p>\u0130ngilizce, Frans\u0131zca, Almanca, \u0130talyanca, \u0130spanyolca, Portekizce, Leh\u00e7e, Rus\u00e7a ve \u0130\u015f \u0130ngilizcesi e\u011fitimi i\u00e7in ders kitab\u0131 sa\u011fl\u0131yoruz.<\/p>\n<p><a class=\"btn btn-large btn-primary\" href=\"https:\/\/www.dllab.eu\/\" target=\"_blank\" ><i class=\"fa fa-sign-in\"><\/i> www.dllab.eu<\/a><\/p>\n<p><button class=\"btn btn-large btn-danger film-01\"><i class=\"fa fa-film\"><\/i> Direct Language Lab <\/button><\/p>\n<p><button class=\"btn btn-large btn-danger film-02\"><i class=\"fa fa-film\"><\/i> Direct Language Lab Ad<\/button><\/p>\n<\/div>\n<\/div>\n<\/div>\n<\/div>\n<div class=\"col-md-2 visible-md-inline visible-lg-inline\">\n<div class=\"text-container text-table\">\n<div class=\"text-container text-cell\">\n<div class=\"image-container\">\n<div class=\"block\" data-scale=\"0.2\" data-rotate-x=\"60deg\" data-move-z=\"-200px\" data-move-x=\"100px\">\n<p><img loading=\"lazy\" decoding=\"async\" class=\"alignnone size-full wp-image-8\" src=\"https:\/\/www.directmethod.com\/wp-content\/uploads\/logo_direct_language_lab_n.png\" alt=\"logo_direct_language_lab_n\" width=\"124\" height=\"116\" \/><\/p>\n<\/div>\n<\/div>\n<\/div>\n<\/div>\n<\/div>\n<div class=\"col-md-5 visible-md-inline visible-lg-inline\">\n<div class=\"text-container text-table\">\n<div class=\"text-container text-cell\">\n<div class=\"image-container\">\n<div class=\"scrollflow-slide-left obrazek-okladki\">\n<p><img loading=\"lazy\" decoding=\"async\" class=\"alignnone size-full wp-image-203\" src=\"https:\/\/www.directmethod.com\/wp-content\/uploads\/okladki1.png\" alt=\"okladki\" width=\"513\" height=\"482\" \/><\/p>\n<\/div>\n<\/div>\n<\/div>\n<\/div>\n<\/div>\n<\/div>\n<div id=\"tester-01\" class=\"row\" style=\"display: none;\">\n<div class=\"col-md-12\">\n<div class=\"top-film-bg\">\n<div class=\"top-film\">\n<div class=\"top-film-container\"><iframe loading=\"lazy\" width=\"853\" height=\"480\" src=\"https:\/\/www.youtube.com\/embed\/MPgyola6fkg?fs=1&amp;hl=pl_PL&amp;autoplay=0&amp;hd=1&amp;loop=1&amp;showinfo=0&amp;showsearch=0&amp;rel=0&amp;iv_load_policy=3&amp;html5=True\" frameborder=\"0\" allowfullscreen><\/iframe><\/div>\n<\/div>\n<\/div>\n<\/div>\n<\/div>\n<div id=\"tester-02\" class=\"row\" style=\"display: none;\">\n<div class=\"col-md-12\">\n<div class=\"top-film-bg\">\n<div class=\"top-film\">\n<div class=\"top-film-container\"><iframe loading=\"lazy\" width=\"853\" height=\"480\" src=\"https:\/\/www.youtube.com\/embed\/7bQlB-aB3Iw?fs=1&amp;hl=pl_PL&amp;autoplay=0&amp;hd=1&amp;loop=1&amp;showinfo=0&amp;showsearch=0&amp;rel=0&amp;iv_load_policy=3&amp;html5=True\" frameborder=\"0\" allowfullscreen><\/iframe><\/div>\n<\/div>\n<\/div>\n<\/div>\n<\/div>\n<\/div>\n<\/div>\n<div class=\"background-container bgc-02\">\n<div class=\"container\" style=\"position: relative;\"><img decoding=\"async\" class=\"logo-mobile visible-xs-block visible-sm-block\" src=\"https:\/\/www.directmethod.com\/wp-content\/themes\/diectmethodv2\/images\/2025\/logo_mosaico_method.png\" alt=\"\" \/><\/p>\n<div class=\"row\">\n<div class=\"col-sm-12 visible-xs-block visible-sm-block\"><img decoding=\"async\" class=\"img-responsive\" style=\"float: right;\" src=\"https:\/\/www.directmethod.com\/wp-content\/themes\/diectmethodv2\/images\/2025\/okladki_mosaico_method_m.png\" alt=\"\" \/><\/div>\n<div class=\"col-sm-12 col-md-5\">\n<div class=\"text-container text-table\">\n<div class=\"text-container text-cell\">\n<div class=\"scrollflow-slide-top\">\n<h2>Mosaico Method<\/h2>\n<p>\u00d6zellikle ilkokul \u00e7ocuklar\u0131 i\u00e7in tasarlanm\u0131\u015f yenilik\u00e7i dil \u00f6\u011fretim materyalleri sunuyoruz.<\/p>\n<p>\u0130ki kapsaml\u0131 serinin her biri &#8211; \u00c7ocuklar i\u00e7in \u0130ngilizce (7-9 ya\u015f) ve Gen\u00e7ler i\u00e7in \u0130ngilizce (9-12 ya\u015f) &#8211; \u00f6\u011frenci kitaplar\u0131, \u00f6\u011fretmen kitaplar\u0131, \u00e7al\u0131\u015fma kitaplar\u0131 ve ill\u00fcstrasyon kitaplar\u0131 ve bir mobil uygulama gibi ek kaynaklar i\u00e7erir.<\/p>\n<p>\u00d6\u011fretim yakla\u015f\u0131m\u0131m\u0131z, dil edinimini gen\u00e7 \u00f6\u011frenciler i\u00e7in do\u011fal ve e\u011flenceli hale getiren s\u00fcr\u00fckleyici, \u00e7ok duyulu \u00f6\u011frenmeyi vurgular.<\/p>\n<p><a class=\"btn btn-large btn-primary\" href=\"https:\/\/www.mosaicomethod.eu\/\" target=\"_blank\" ><i class=\"fa fa-sign-in\"><\/i> www.mosaicomethod.eu<\/a><\/p>\n<\/div>\n<\/div>\n<\/div>\n<\/div>\n<div class=\"col-md-2 visible-md-inline visible-lg-inline\">\n<div class=\"text-container text-table\">\n<div class=\"text-container text-cell\">\n<div class=\"image-container\">\n<div class=\"block\" data-scale=\"0.2\" data-rotate-x=\"60deg\" data-move-z=\"-200px\" data-move-x=\"100px\">\n<img loading=\"lazy\" decoding=\"async\" src=\"https:\/\/www.directmethod.com\/wp-content\/uploads\/logo_mosaico_method_n.png\" alt=\"\" width=\"124\" height=\"116\" class=\"alignnone size-full wp-image-439\" \/>\n<\/div>\n<\/div>\n<\/div>\n<\/div>\n<\/div>\n<div class=\"col-md-5 visible-md-inline visible-lg-inline\">\n<div class=\"text-container text-table\">\n<div class=\"text-container text-cell\">\n<div class=\"image-container\">\n<div class=\"scrollflow-slide-left obrazek-okladki\">\n<img loading=\"lazy\" decoding=\"async\" src=\"https:\/\/www.directmethod.com\/wp-content\/uploads\/okladki_mosaico_method_m.png\" alt=\"\" width=\"513\" height=\"482\" class=\"alignnone size-full wp-image-440\" srcset=\"https:\/\/www.directmethod.com\/wp-content\/uploads\/okladki_mosaico_method_m.png 513w, https:\/\/www.directmethod.com\/wp-content\/uploads\/okladki_mosaico_method_m-300x282.png 300w\" sizes=\"auto, (max-width: 513px) 100vw, 513px\" \/>\n<\/div>\n<\/div>\n<\/div>\n<\/div>\n<\/div>\n<\/div>\n<\/div>\n<\/div>\n<div class=\"background-container bgc-06\">\n<div class=\"background-container\">\n<div class=\"container region-01-pro\" style=\"position: relative;\"><img decoding=\"async\" class=\"logo-mobile visible-xs-block visible-sm-block\" src=\"https:\/\/www.directmethod.com\/wp-content\/themes\/diectmethodv2\/images\/logo_a_mobile_application_n.png\" alt=\"\" \/><\/p>\n<div class=\"row\">\n<div class=\"col-sm-12 visible-xs-block visible-sm-block\"><img decoding=\"async\" class=\"img-responsive\" src=\"https:\/\/www.directmethod.com\/wp-content\/themes\/diectmethodv2\/images\/tlo_dlpro.jpg\" alt=\"\" \/><\/div>\n<div class=\"col-sm-12 col-md-5\">\n<div class=\"text-container text-table\">\n<div class=\"text-container text-cell\">\n<div class=\"image-container\">\n<div class=\"scrollflow-slide-left obrazek-telefon\">\n<\/div>\n<\/div>\n<\/div>\n<\/div>\n<\/div>\n<div class=\"col-md-2 visible-md-inline visible-lg-inline\">\n<div class=\"text-container text-table\">\n<div class=\"text-container text-cell\">\n<div class=\"image-container\">\n<div class=\"block\" data-scale=\"0.2\" data-rotate-x=\"60deg\" data-move-z=\"-200px\" data-move-x=\"100px\">\n<img loading=\"lazy\" decoding=\"async\" src=\"https:\/\/www.directmethod.com\/wp-content\/uploads\/logo_direct_language_pro_n.png\" alt=\"\" width=\"124\" height=\"116\" class=\"alignnone size-full wp-image-354\" \/>\n<\/div>\n<\/div>\n<\/div>\n<\/div>\n<\/div>\n<div class=\"col-sm-12 col-md-5\">\n<div class=\"text-container text-table\">\n<div class=\"text-container text-cell\">\n<div class=\"scrollflow-slide-top\">\n<h2>DL PRO<\/h2>\n<p>Okulunuz ne kadar b\u00fcy\u00fck olursa olsun, DL PRO yaz\u0131l\u0131m\u0131 i\u015finizi y\u00f6netmeyi bir zevk haline getirecektir. \u00d6\u011fretmen ekibiniz i\u00e7in s\u0131n\u0131f takvimini ve programlar\u0131n\u0131 rahat\u00e7a y\u00f6netin.<\/p>\n<p>DL PRO, farkl\u0131 \u00f6deme t\u00fcrlerini kolayca y\u00f6netmenize olanak tan\u0131r: ayl\u0131k abonelik, tamamlanan dersler i\u00e7in pe\u015fin veya gecikmeli \u00f6deme. \u00d6deme durumlar\u0131n\u0131 kontrol edin ve e-posta veya k\u0131sa mesajla hat\u0131rlat\u0131c\u0131lar g\u00f6nderin.<\/p>\n<p>Basit \u00e7evrimi\u00e7i dersler, oda aramadan, ba\u011flant\u0131 g\u00f6ndermeden veya ek hesaplar olu\u015fturmadan okul takvimine entegre edilir.<\/p>\n<p><a class=\"btn btn-large btn-primary\" href=\"https:\/\/www.dlpro.online\/en\/\" target=\"_blank\" ><i class=\"fa fa-sign-in\"><\/i> www.dlpro.online<\/a><\/p>\n<\/div>\n<\/div>\n<\/div>\n<\/div>\n<\/div>\n<\/div>\n<\/div>\n<\/div>\n<div class=\"background-container\">\n<div class=\"container\">\n<div class=\"row\">\n<div class=\"col-md-12\">\n<div class=\"image-container\">\n<p><img loading=\"lazy\" decoding=\"async\" class=\" wp-image-17 size-full aligncenter\" src=\"https:\/\/www.directmethod.com\/wp-content\/uploads\/cyborgi.png\" alt=\"cyborgi\" width=\"486\" height=\"322\" \/><\/p>\n<\/div>\n<\/div>\n<\/div>\n<\/div>\n<\/div>\n<div class=\"background-container\">\n<div class=\"container\">\n<div class=\"row\">\n<div class=\"col-sm-4\">\n<div class=\"box-container bgc-00 block\" data-move-y=\"150px\" data-move-x=\"-60px\">\n<p><img loading=\"lazy\" decoding=\"async\" class=\" size-full wp-image-18 aligncenter\" src=\"https:\/\/www.directmethod.com\/wp-content\/uploads\/mala_iconka_01.png\" alt=\"mala_iconka_01\" width=\"84\" height=\"84\" \/><\/p>\n<p style=\"text-align: center;\">Direk metodun ana amac\u0131 yabanc\u0131 dilde ileti\u015fim becerilerinin kazand\u0131r\u0131lmas\u0131d\u0131r. Derslerde anadilin kullan\u0131lmas\u0131 minimuma indirilir ve baz\u0131 dil refleksleri kazand\u0131r\u0131l\u0131r. Bu sayede \u00f6\u011frenmek istedi\u011fimiz dilde d\u00fc\u015f\u00fcnmeye ba\u015flar\u0131z. B\u00f6ylece bu dilin pratikte kullan\u0131m\u0131 daha kolay bir hale gelir.<\/p>\n<\/div>\n<\/div>\n<div class=\"col-sm-4\">\n<div class=\"box-container bgc-00 block\" data-move-y=\"150px\" data-move-x=\"0px\">\n<p><img loading=\"lazy\" decoding=\"async\" class=\" size-full wp-image-19 aligncenter\" src=\"https:\/\/www.directmethod.com\/wp-content\/uploads\/mala_iconka_02.png\" alt=\"mala_iconka_02\" width=\"84\" height=\"84\" \/><\/p>\n<p style=\"text-align: center;\">Direk metot prati\u011fe, konu\u015fmaya ve dinlemeye b\u00fcy\u00fck \u00f6nem vermektedir. Derslerin %80&#8217;lik k\u0131sm\u0131n\u0131 \u00f6\u011fretmenle ger\u00e7ekle\u015ftirilen kontroll\u00fc diyaloglar olu\u015fturmaktad\u0131r. Bu diyaloglarda \u00f6\u011fretmen \u00f6nceden tan\u0131t\u0131lan kelimeleri ve gramer kurallar\u0131n\u0131 kullanarak sorular sorar. Bu sayede yeni \u00f6\u011frenilen konu hem pratik olarak kullan\u0131lm\u0131\u015f olur hem de bu s\u0131rada konuya uygun bir ba\u011flam kazand\u0131r\u0131l\u0131r.<\/p>\n<\/div>\n<\/div>\n<div class=\"col-sm-4\">\n<div class=\"box-container bgc-00 block\" data-move-y=\"150px\" data-move-x=\"60px\">\n<p><img loading=\"lazy\" decoding=\"async\" class=\" size-full wp-image-20 aligncenter\" src=\"https:\/\/www.directmethod.com\/wp-content\/uploads\/mala_iconka_03.png\" alt=\"mala_iconka_03\" width=\"83\" height=\"84\" \/><\/p>\n<p style=\"text-align: center;\">En iyi yabanc\u0131 dil \u00f6\u011frenme y\u00f6ntemi o dilde konu\u015fmakt\u0131r. \u00d6\u011frenciler derslerde aktiftirler, \u00f6\u011fretmenin sorular\u0131na, konu\u015fma s\u00fcresini, m\u00fcmk\u00fcn oldu\u011fu kadar fazla kelime ve gramer yap\u0131s\u0131 \u00f6\u011frenecek \u015fekilde uzatarak cevap verirler.<br \/>\n\u00d6zetle, kelime da\u011farc\u0131\u011f\u0131 gramer bilgisinden daha \u00f6nemlidir. En \u00f6nemlisi ise konu\u015fmakt\u0131r.<\/p>\n<\/div>\n<\/div>\n<\/div>\n<\/div>\n<\/div>\n","protected":false},"excerpt":{"rendered":"","protected":false},"author":1,"featured_media":0,"parent":0,"menu_order":0,"comment_status":"closed","ping_status":"closed","template":"","meta":{"_locale":"tr_TR","_original_post":"http:\/\/www.directmethod.com\/?page_id=371","footnotes":""},"class_list":["post-403","page","type-page","status-publish","hentry","tr-TR"],"_links":{"self":[{"href":"https:\/\/www.directmethod.com\/wp-json\/wp\/v2\/pages\/403","targetHints":{"allow":["GET"]}}],"collection":[{"href":"https:\/\/www.directmethod.com\/wp-json\/wp\/v2\/pages"}],"about":[{"href":"https:\/\/www.directmethod.com\/wp-json\/wp\/v2\/types\/page"}],"author":[{"embeddable":true,"href":"https:\/\/www.directmethod.com\/wp-json\/wp\/v2\/users\/1"}],"replies":[{"embeddable":true,"href":"https:\/\/www.directmethod.com\/wp-json\/wp\/v2\/comments?post=403"}],"version-history":[{"count":3,"href":"https:\/\/www.directmethod.com\/wp-json\/wp\/v2\/pages\/403\/revisions"}],"predecessor-version":[{"id":452,"href":"https:\/\/www.directmethod.com\/wp-json\/wp\/v2\/pages\/403\/revisions\/452"}],"wp:attachment":[{"href":"https:\/\/www.directmethod.com\/wp-json\/wp\/v2\/media?parent=403"}],"curies":[{"name":"wp","href":"https:\/\/api.w.org\/{rel}","templated":true}]}}