{"id":399,"date":"2025-04-07T18:33:36","date_gmt":"2025-04-07T16:33:36","guid":{"rendered":"http:\/\/www.directmethod.com\/?page_id=399"},"modified":"2025-09-24T16:40:39","modified_gmt":"2025-09-24T14:40:39","slug":"home","status":"publish","type":"page","link":"https:\/\/www.directmethod.com\/","title":{"rendered":"Home"},"content":{"rendered":"<div class=\"background-container bgc-02\">\n<div class=\"container\" style=\"position: relative;\"><img decoding=\"async\" class=\"logo-mobile visible-xs-block visible-sm-block\" src=\"https:\/\/www.directmethod.com\/wp-content\/themes\/diectmethodv2\/images\/logo_direct_language_lab_n.png\" alt=\"\" \/><\/p>\n<div class=\"row\">\n<div class=\"col-sm-12 visible-xs-block visible-sm-block\"><img decoding=\"async\" class=\"img-responsive\" style=\"float: right;\" src=\"https:\/\/www.directmethod.com\/wp-content\/themes\/diectmethodv2\/images\/okladki.png\" alt=\"\" \/><\/div>\n<div class=\"col-sm-12 col-md-5\">\n<div class=\"text-container text-table\">\n<div class=\"text-container text-cell\">\n<div class=\"scrollflow-slide-top\">\n<h2>Direct Language Lab<\/h2>\n<p>Publicamos materiais did\u00e1ticos para o ensino de l\u00ednguas para escolas, empresas e alunos individuais em todo o\u00a0mundo. Atualmente, estamos cooperando com 700 escolas de idiomas em mais de 30 pa\u00edses.<\/p>\n<p>Nossa miss\u00e3o \u00e9 fornecer \u00e0s escolas de idiomas os manuais para a aprendizagem de l\u00ednguas estrangeiras por meio do m\u00e9todo direto.<\/p>\n<p>Fornecemos manuais para o ensino de ingl\u00eas, franc\u00eas, alem\u00e3o, italiano, espanhol, portugu\u00eas, polon\u00eas e russo, bem como ingl\u00eas para neg\u00f3cios.<\/p>\n<p><a class=\"btn btn-large btn-primary\" href=\"https:\/\/www.dllab.eu\/\" target=\"_blank\" ><i class=\"fa fa-sign-in\"><\/i> www.dllab.eu<\/a><\/p>\n<p><button class=\"btn btn-large btn-danger film-01\"><i class=\"fa fa-film\"><\/i> Direct Language Lab <\/button><\/p>\n<p><button class=\"btn btn-large btn-danger film-02\"><i class=\"fa fa-film\"><\/i> Direct Language Lab Ad<\/button><\/p>\n<\/div>\n<\/div>\n<\/div>\n<\/div>\n<div class=\"col-md-2 visible-md-inline visible-lg-inline\">\n<div class=\"text-container text-table\">\n<div class=\"text-container text-cell\">\n<div class=\"image-container\">\n<div class=\"block\" data-scale=\"0.2\" data-rotate-x=\"60deg\" data-move-z=\"-200px\" data-move-x=\"100px\">\n<p><img loading=\"lazy\" decoding=\"async\" class=\"alignnone size-full wp-image-8\" src=\"https:\/\/www.directmethod.com\/wp-content\/uploads\/logo_direct_language_lab_n.png\" alt=\"logo_direct_language_lab_n\" width=\"124\" height=\"116\" \/><\/p>\n<\/div>\n<\/div>\n<\/div>\n<\/div>\n<\/div>\n<div class=\"col-md-5 visible-md-inline visible-lg-inline\">\n<div class=\"text-container text-table\">\n<div class=\"text-container text-cell\">\n<div class=\"image-container\">\n<div class=\"scrollflow-slide-left obrazek-okladki\">\n<p><img loading=\"lazy\" decoding=\"async\" class=\"alignnone size-full wp-image-203\" src=\"https:\/\/www.directmethod.com\/wp-content\/uploads\/okladki1.png\" alt=\"okladki\" width=\"513\" height=\"482\" \/><\/p>\n<\/div>\n<\/div>\n<\/div>\n<\/div>\n<\/div>\n<\/div>\n<div id=\"tester-01\" class=\"row\" style=\"display: none;\">\n<div class=\"col-md-12\">\n<div class=\"top-film-bg\">\n<div class=\"top-film\">\n<div class=\"top-film-container\"><iframe loading=\"lazy\" width=\"853\" height=\"480\" src=\"https:\/\/www.youtube.com\/embed\/MPgyola6fkg?fs=1&amp;hl=pl_PL&amp;autoplay=0&amp;hd=1&amp;loop=1&amp;showinfo=0&amp;showsearch=0&amp;rel=0&amp;iv_load_policy=3&amp;html5=True\" frameborder=\"0\" allowfullscreen><\/iframe><\/div>\n<\/div>\n<\/div>\n<\/div>\n<\/div>\n<div id=\"tester-02\" class=\"row\" style=\"display: none;\">\n<div class=\"col-md-12\">\n<div class=\"top-film-bg\">\n<div class=\"top-film\">\n<div class=\"top-film-container\"><iframe loading=\"lazy\" width=\"853\" height=\"480\" src=\"https:\/\/www.youtube.com\/embed\/7bQlB-aB3Iw?fs=1&amp;hl=pl_PL&amp;autoplay=0&amp;hd=1&amp;loop=1&amp;showinfo=0&amp;showsearch=0&amp;rel=0&amp;iv_load_policy=3&amp;html5=True\" frameborder=\"0\" allowfullscreen><\/iframe><\/div>\n<\/div>\n<\/div>\n<\/div>\n<\/div>\n<\/div>\n<\/div>\n<div class=\"background-container bgc-02\">\n<div class=\"container\" style=\"position: relative;\"><img decoding=\"async\" class=\"logo-mobile visible-xs-block visible-sm-block\" src=\"https:\/\/www.directmethod.com\/wp-content\/themes\/diectmethodv2\/images\/2025\/logo_mosaico_method.png\" alt=\"\" \/><\/p>\n<div class=\"row\">\n<div class=\"col-sm-12 visible-xs-block visible-sm-block\"><img decoding=\"async\" class=\"img-responsive\" style=\"float: right;\" src=\"https:\/\/www.directmethod.com\/wp-content\/themes\/diectmethodv2\/images\/2025\/okladki_mosaico_method_m.png\" alt=\"\" \/><\/div>\n<div class=\"col-sm-12 col-md-5\">\n<div class=\"text-container text-table\">\n<div class=\"text-container text-cell\">\n<div class=\"scrollflow-slide-top\">\n<h2>Mosaico Method<\/h2>\n<p>Fornecemos materiais inovadores de ensino de idiomas projetados especificamente para crian\u00e7as do ensino fundamental.<\/p>\n<p>Cada uma das duas s\u00e9ries abrangentes &#8211; English for Kids (de 7 a 9 anos) e English for Juniors (de 9 a 12 anos) &#8211; inclui livros do aluno, livros do professor, livros de exerc\u00edcios e recursos adicionais, como livros de ilustra\u00e7\u00f5es e um aplicativo m\u00f3vel.<\/p>\n<p>Nossa abordagem de ensino enfatiza o aprendizado imersivo e multissensorial que torna a aquisi\u00e7\u00e3o do idioma natural e agrad\u00e1vel para os jovens aprendizes.<\/p>\n<p><a class=\"btn btn-large btn-primary\" href=\"https:\/\/www.mosaicomethod.eu\/\" target=\"_blank\" ><i class=\"fa fa-sign-in\"><\/i> www.mosaicomethod.eu<\/a><\/p>\n<\/div>\n<\/div>\n<\/div>\n<\/div>\n<div class=\"col-md-2 visible-md-inline visible-lg-inline\">\n<div class=\"text-container text-table\">\n<div class=\"text-container text-cell\">\n<div class=\"image-container\">\n<div class=\"block\" data-scale=\"0.2\" data-rotate-x=\"60deg\" data-move-z=\"-200px\" data-move-x=\"100px\">\n<img loading=\"lazy\" decoding=\"async\" src=\"https:\/\/www.directmethod.com\/wp-content\/uploads\/logo_mosaico_method_n.png\" alt=\"\" width=\"124\" height=\"116\" class=\"alignnone size-full wp-image-439\" \/>\n<\/div>\n<\/div>\n<\/div>\n<\/div>\n<\/div>\n<div class=\"col-md-5 visible-md-inline visible-lg-inline\">\n<div class=\"text-container text-table\">\n<div class=\"text-container text-cell\">\n<div class=\"image-container\">\n<div class=\"scrollflow-slide-left obrazek-okladki\">\n<img loading=\"lazy\" decoding=\"async\" src=\"https:\/\/www.directmethod.com\/wp-content\/uploads\/okladki_mosaico_method_m.png\" alt=\"\" width=\"513\" height=\"482\" class=\"alignnone size-full wp-image-440\" srcset=\"https:\/\/www.directmethod.com\/wp-content\/uploads\/okladki_mosaico_method_m.png 513w, https:\/\/www.directmethod.com\/wp-content\/uploads\/okladki_mosaico_method_m-300x282.png 300w\" sizes=\"auto, (max-width: 513px) 100vw, 513px\" \/>\n<\/div>\n<\/div>\n<\/div>\n<\/div>\n<\/div>\n<\/div>\n<\/div>\n<\/div>\n<div class=\"background-container bgc-06\">\n<div class=\"background-container\">\n<div class=\"container region-01-pro\" style=\"position: relative;\"><img decoding=\"async\" class=\"logo-mobile visible-xs-block visible-sm-block\" src=\"https:\/\/www.directmethod.com\/wp-content\/themes\/diectmethodv2\/images\/logo_a_mobile_application_n.png\" alt=\"\" \/><\/p>\n<div class=\"row\">\n<div class=\"col-sm-12 visible-xs-block visible-sm-block\"><img decoding=\"async\" class=\"img-responsive\" src=\"https:\/\/www.directmethod.com\/wp-content\/themes\/diectmethodv2\/images\/tlo_dlpro.jpg\" alt=\"\" \/><\/div>\n<div class=\"col-sm-12 col-md-5\">\n<div class=\"text-container text-table\">\n<div class=\"text-container text-cell\">\n<div class=\"image-container\">\n<div class=\"scrollflow-slide-left obrazek-telefon\">\n<\/div>\n<\/div>\n<\/div>\n<\/div>\n<\/div>\n<div class=\"col-md-2 visible-md-inline visible-lg-inline\">\n<div class=\"text-container text-table\">\n<div class=\"text-container text-cell\">\n<div class=\"image-container\">\n<div class=\"block\" data-scale=\"0.2\" data-rotate-x=\"60deg\" data-move-z=\"-200px\" data-move-x=\"100px\">\n<img loading=\"lazy\" decoding=\"async\" src=\"https:\/\/www.directmethod.com\/wp-content\/uploads\/logo_direct_language_pro_n.png\" alt=\"\" width=\"124\" height=\"116\" class=\"alignnone size-full wp-image-354\" \/>\n<\/div>\n<\/div>\n<\/div>\n<\/div>\n<\/div>\n<div class=\"col-sm-12 col-md-5\">\n<div class=\"text-container text-table\">\n<div class=\"text-container text-cell\">\n<div class=\"scrollflow-slide-top\">\n<h2>DL PRO<\/h2>\n<p>N\u00e3o importa o tamanho de sua escola, o software DL PRO tornar\u00e1 o gerenciamento de seus neg\u00f3cios um prazer. Gerencie de forma conveniente o calend\u00e1rio de aulas e os hor\u00e1rios da sua equipe de professores.<\/p>\n<p>O DL PRO permite que voc\u00ea gerencie facilmente diferentes tipos de pagamento: assinatura mensal, pagamento antecipado ou em atraso por aulas conclu\u00eddas. Verifique o status dos pagamentos e envie lembretes por e-mail ou mensagem de texto.<\/p>\n<p>As aulas on-line simples s\u00e3o integradas ao calend\u00e1rio escolar, sem a necessidade de procurar salas, enviar links ou configurar contas adicionais.<\/p>\n<p><a class=\"btn btn-large btn-primary\" href=\"https:\/\/www.dlpro.online\/en\/\" target=\"_blank\" ><i class=\"fa fa-sign-in\"><\/i> www.dlpro.online<\/a><\/p>\n<\/div>\n<\/div>\n<\/div>\n<\/div>\n<\/div>\n<\/div>\n<\/div>\n<\/div>\n<div class=\"background-container\">\n<div class=\"container\">\n<div class=\"row\">\n<div class=\"col-md-12\">\n<div class=\"image-container\">\n<p><img loading=\"lazy\" decoding=\"async\" class=\" wp-image-17 size-full aligncenter\" src=\"https:\/\/www.directmethod.com\/wp-content\/uploads\/cyborgi.png\" alt=\"cyborgi\" width=\"486\" height=\"322\" \/><\/p>\n<\/div>\n<\/div>\n<\/div>\n<\/div>\n<\/div>\n<div class=\"background-container\">\n<div class=\"container\">\n<div class=\"row\">\n<div class=\"col-sm-4\">\n<div class=\"box-container bgc-00 block\" data-move-y=\"150px\" data-move-x=\"-60px\">\n<p><img loading=\"lazy\" decoding=\"async\" class=\" size-full wp-image-18 aligncenter\" src=\"https:\/\/www.directmethod.com\/wp-content\/uploads\/mala_iconka_01.png\" alt=\"mala_iconka_01\" width=\"84\" height=\"84\" \/><\/p>\n<p style=\"text-align: center;\">O m\u00e9todo direto \u00e9 r\u00e1pido e eficiente, permitindo que todos obtenham resultados vis\u00edveis.<br \/>\nPode-se dizer que o principal objetivo do m\u00e9todo direto \u00e9 ensinar a habilidade de comunica\u00e7\u00e3o em l\u00edngua estrangeira por meio de minimizar o uso da l\u00edngua materna durante a aula, bem como atrav\u00e9s da forma\u00e7\u00e3o de reflexos ling\u00fc\u00edsticos. Isso leva a pensar na l\u00edngua-alvo, facilitando o emprego dessa l\u00edngua na pr\u00e1tica.<\/p>\n<\/div>\n<\/div>\n<div class=\"col-sm-4\">\n<div class=\"box-container bgc-00 block\" data-move-y=\"150px\" data-move-x=\"0px\">\n<p><img loading=\"lazy\" decoding=\"async\" class=\" size-full wp-image-19 aligncenter\" src=\"https:\/\/www.directmethod.com\/wp-content\/uploads\/mala_iconka_02.png\" alt=\"mala_iconka_02\" width=\"84\" height=\"84\" \/><\/p>\n<p style=\"text-align: center;\">O m\u00e9todo direto coloca forte \u00eanfase na pr\u00e1tica e no treinamento oral atrav\u00e9s de ouvir e falar. Cerca de 80% do tempo de aula \u00e9 dedicada \u00e0 pr\u00e1tica oral com o professor que consiste em um di\u00e1logo controlado, em que o professor faz perguntas com base no vocabul\u00e1rio e na gram\u00e1tica anteriormente introduzidos. Desse modo, o novo material \u00e9 aprendido na pr\u00e1tica e no contexto correto.<\/p>\n<\/div>\n<\/div>\n<div class=\"col-sm-4\">\n<div class=\"box-container bgc-00 block\" data-move-y=\"150px\" data-move-x=\"60px\">\n<p><img loading=\"lazy\" decoding=\"async\" class=\" size-full wp-image-20 aligncenter\" src=\"https:\/\/www.directmethod.com\/wp-content\/uploads\/mala_iconka_03.png\" alt=\"mala_iconka_03\" width=\"83\" height=\"84\" \/><\/p>\n<p style=\"text-align: center;\">A melhor maneira de aprender uma l\u00edngua \u00e9 simplesmente falar nessa l\u00edngua. Os alunos participam ativamente na aula, respondendo \u00e0s perguntas de seu professor em uma forma completa, de modo a estender o tempo de falar e praticar o maior n\u00famero de palavras e estruturas gramaticais poss\u00edvel.<br \/>\nResumindo, o vocabul\u00e1rio \u00e9 mais importante do que a gram\u00e1tica, e o mais importante \u00e9 falar.<\/p>\n<\/div>\n<\/div>\n<\/div>\n<\/div>\n<\/div>\n","protected":false},"excerpt":{"rendered":"","protected":false},"author":1,"featured_media":0,"parent":0,"menu_order":0,"comment_status":"closed","ping_status":"closed","template":"","meta":{"_locale":"pt_BR","_original_post":"http:\/\/www.directmethod.com\/?page_id=371","footnotes":""},"class_list":["post-399","page","type-page","status-publish","hentry","pt-BR"],"_links":{"self":[{"href":"https:\/\/www.directmethod.com\/wp-json\/wp\/v2\/pages\/399","targetHints":{"allow":["GET"]}}],"collection":[{"href":"https:\/\/www.directmethod.com\/wp-json\/wp\/v2\/pages"}],"about":[{"href":"https:\/\/www.directmethod.com\/wp-json\/wp\/v2\/types\/page"}],"author":[{"embeddable":true,"href":"https:\/\/www.directmethod.com\/wp-json\/wp\/v2\/users\/1"}],"replies":[{"embeddable":true,"href":"https:\/\/www.directmethod.com\/wp-json\/wp\/v2\/comments?post=399"}],"version-history":[{"count":3,"href":"https:\/\/www.directmethod.com\/wp-json\/wp\/v2\/pages\/399\/revisions"}],"predecessor-version":[{"id":450,"href":"https:\/\/www.directmethod.com\/wp-json\/wp\/v2\/pages\/399\/revisions\/450"}],"wp:attachment":[{"href":"https:\/\/www.directmethod.com\/wp-json\/wp\/v2\/media?parent=399"}],"curies":[{"name":"wp","href":"https:\/\/api.w.org\/{rel}","templated":true}]}}