{"id":397,"date":"2025-04-07T18:32:49","date_gmt":"2025-04-07T16:32:49","guid":{"rendered":"http:\/\/www.directmethod.com\/?page_id=397"},"modified":"2025-09-24T16:39:26","modified_gmt":"2025-09-24T14:39:26","slug":"home","status":"publish","type":"page","link":"https:\/\/www.directmethod.com\/","title":{"rendered":"Home"},"content":{"rendered":"<div class=\"background-container bgc-02\">\n<div class=\"container\" style=\"position: relative;\"><img decoding=\"async\" class=\"logo-mobile visible-xs-block visible-sm-block\" src=\"https:\/\/www.directmethod.com\/wp-content\/themes\/diectmethodv2\/images\/logo_direct_language_lab_n.png\" alt=\"\" \/><\/p>\n<div class=\"row\">\n<div class=\"col-sm-12 visible-xs-block visible-sm-block\"><img decoding=\"async\" class=\"img-responsive\" style=\"float: right;\" src=\"https:\/\/www.directmethod.com\/wp-content\/themes\/diectmethodv2\/images\/okladki.png\" alt=\"\" \/><\/div>\n<div class=\"col-sm-12 col-md-5\">\n<div class=\"text-container text-table\">\n<div class=\"text-container text-cell\">\n<div class=\"scrollflow-slide-top\">\n<h2>Direct Language Lab<\/h2>\n<p>Nous publions les manuels d&rsquo;apprentissage des langues \u00e9trang\u00e8res pour les \u00e9coles de langues, les entreprises et\u00a0les\u00a0apprenants du\u00a0mode entier.<br \/>\nNous travaillons actuellement avec 700 \u00e9coles de langues dans plus de 30 pays.<br \/>\nNotre mission est de fournir aux \u00e9coles de langues les manuels d&rsquo;apprentissage des langues \u00e9trang\u00e8res utilisant la\u00a0m\u00e9thode directe.<br \/>\nNotre offre comprend les manuels pour enseigner l&rsquo;anglais, le fran\u00e7ais, l&rsquo;allemand, l&rsquo;italien, l&rsquo;espagnol, le portugais, le polonais et le russe ainsi que l\u2019anglais des affaires.<\/p>\n<p><a class=\"btn btn-large btn-primary\" href=\"https:\/\/www.dllab.eu\/\" target=\"_blank\" ><i class=\"fa fa-sign-in\"><\/i> www.dllab.eu<\/a><\/p>\n<p><button class=\"btn btn-large btn-danger film-01\"><i class=\"fa fa-film\"><\/i> Direct Language Lab <\/button><\/p>\n<p><button class=\"btn btn-large btn-danger film-02\"><i class=\"fa fa-film\"><\/i> Direct Language Lab Ad<\/button><\/p>\n<\/div>\n<\/div>\n<\/div>\n<\/div>\n<div class=\"col-md-2 visible-md-inline visible-lg-inline\">\n<div class=\"text-container text-table\">\n<div class=\"text-container text-cell\">\n<div class=\"image-container\">\n<div class=\"block\" data-scale=\"0.2\" data-rotate-x=\"60deg\" data-move-z=\"-200px\" data-move-x=\"100px\">\n<p><img loading=\"lazy\" decoding=\"async\" class=\"alignnone size-full wp-image-8\" src=\"https:\/\/www.directmethod.com\/wp-content\/uploads\/logo_direct_language_lab_n.png\" alt=\"logo_direct_language_lab_n\" width=\"124\" height=\"116\" \/><\/p>\n<\/div>\n<\/div>\n<\/div>\n<\/div>\n<\/div>\n<div class=\"col-md-5 visible-md-inline visible-lg-inline\">\n<div class=\"text-container text-table\">\n<div class=\"text-container text-cell\">\n<div class=\"image-container\">\n<div class=\"scrollflow-slide-left obrazek-okladki\">\n<p><img loading=\"lazy\" decoding=\"async\" class=\"alignnone size-full wp-image-203\" src=\"https:\/\/www.directmethod.com\/wp-content\/uploads\/okladki1.png\" alt=\"okladki\" width=\"513\" height=\"482\" \/><\/p>\n<\/div>\n<\/div>\n<\/div>\n<\/div>\n<\/div>\n<\/div>\n<div id=\"tester-01\" class=\"row\" style=\"display: none;\">\n<div class=\"col-md-12\">\n<div class=\"top-film-bg\">\n<div class=\"top-film\">\n<div class=\"top-film-container\"><iframe loading=\"lazy\" width=\"853\" height=\"480\" src=\"https:\/\/www.youtube.com\/embed\/MPgyola6fkg?fs=1&amp;hl=pl_PL&amp;autoplay=0&amp;hd=1&amp;loop=1&amp;showinfo=0&amp;showsearch=0&amp;rel=0&amp;iv_load_policy=3&amp;html5=True\" frameborder=\"0\" allowfullscreen><\/iframe><\/div>\n<\/div>\n<\/div>\n<\/div>\n<\/div>\n<div id=\"tester-02\" class=\"row\" style=\"display: none;\">\n<div class=\"col-md-12\">\n<div class=\"top-film-bg\">\n<div class=\"top-film\">\n<div class=\"top-film-container\"><iframe loading=\"lazy\" width=\"853\" height=\"480\" src=\"https:\/\/www.youtube.com\/embed\/7bQlB-aB3Iw?fs=1&amp;hl=pl_PL&amp;autoplay=0&amp;hd=1&amp;loop=1&amp;showinfo=0&amp;showsearch=0&amp;rel=0&amp;iv_load_policy=3&amp;html5=True\" frameborder=\"0\" allowfullscreen><\/iframe><\/div>\n<\/div>\n<\/div>\n<\/div>\n<\/div>\n<\/div>\n<\/div>\n<div class=\"background-container bgc-02\">\n<div class=\"container\" style=\"position: relative;\"><img decoding=\"async\" class=\"logo-mobile visible-xs-block visible-sm-block\" src=\"https:\/\/www.directmethod.com\/wp-content\/themes\/diectmethodv2\/images\/2025\/logo_mosaico_method.png\" alt=\"\" \/><\/p>\n<div class=\"row\">\n<div class=\"col-sm-12 visible-xs-block visible-sm-block\"><img decoding=\"async\" class=\"img-responsive\" style=\"float: right;\" src=\"https:\/\/www.directmethod.com\/wp-content\/themes\/diectmethodv2\/images\/2025\/okladki_mosaico_method_m.png\" alt=\"\" \/><\/div>\n<div class=\"col-sm-12 col-md-5\">\n<div class=\"text-container text-table\">\n<div class=\"text-container text-cell\">\n<div class=\"scrollflow-slide-top\">\n<h2>Mosaico Method<\/h2>\n<p>Nous fournissons du mat\u00e9riel d&rsquo;enseignement des langues innovant, sp\u00e9cialement con\u00e7u pour les enfants de l&rsquo;\u00e9cole primaire.<\/p>\n<p>Chacune des deux s\u00e9ries compl\u00e8tes &#8211; English for Kids (7-9 ans) et English for Juniors (9-12 ans) &#8211; comprend des livres de l&rsquo;\u00e9l\u00e8ve, des livres du professeur, des cahiers d&rsquo;exercices et des ressources suppl\u00e9mentaires telles que des livres d&rsquo;illustrations et une application mobile.<\/p>\n<p>Notre approche p\u00e9dagogique met l&rsquo;accent sur un apprentissage immersif et multisensoriel qui rend l&rsquo;acquisition de la langue naturelle et agr\u00e9able pour les jeunes apprenants.<\/p>\n<p><a class=\"btn btn-large btn-primary\" href=\"https:\/\/www.mosaicomethod.eu\/\" target=\"_blank\" ><i class=\"fa fa-sign-in\"><\/i> www.mosaicomethod.eu<\/a><\/p>\n<\/div>\n<\/div>\n<\/div>\n<\/div>\n<div class=\"col-md-2 visible-md-inline visible-lg-inline\">\n<div class=\"text-container text-table\">\n<div class=\"text-container text-cell\">\n<div class=\"image-container\">\n<div class=\"block\" data-scale=\"0.2\" data-rotate-x=\"60deg\" data-move-z=\"-200px\" data-move-x=\"100px\">\n<img loading=\"lazy\" decoding=\"async\" src=\"https:\/\/www.directmethod.com\/wp-content\/uploads\/logo_mosaico_method_n.png\" alt=\"\" width=\"124\" height=\"116\" class=\"alignnone size-full wp-image-439\" \/>\n<\/div>\n<\/div>\n<\/div>\n<\/div>\n<\/div>\n<div class=\"col-md-5 visible-md-inline visible-lg-inline\">\n<div class=\"text-container text-table\">\n<div class=\"text-container text-cell\">\n<div class=\"image-container\">\n<div class=\"scrollflow-slide-left obrazek-okladki\">\n<img loading=\"lazy\" decoding=\"async\" src=\"https:\/\/www.directmethod.com\/wp-content\/uploads\/okladki_mosaico_method_m.png\" alt=\"\" width=\"513\" height=\"482\" class=\"alignnone size-full wp-image-440\" srcset=\"https:\/\/www.directmethod.com\/wp-content\/uploads\/okladki_mosaico_method_m.png 513w, https:\/\/www.directmethod.com\/wp-content\/uploads\/okladki_mosaico_method_m-300x282.png 300w\" sizes=\"auto, (max-width: 513px) 100vw, 513px\" \/>\n<\/div>\n<\/div>\n<\/div>\n<\/div>\n<\/div>\n<\/div>\n<\/div>\n<\/div>\n<div class=\"background-container bgc-06\">\n<div class=\"background-container\">\n<div class=\"container region-01-pro\" style=\"position: relative;\"><img decoding=\"async\" class=\"logo-mobile visible-xs-block visible-sm-block\" src=\"https:\/\/www.directmethod.com\/wp-content\/themes\/diectmethodv2\/images\/logo_a_mobile_application_n.png\" alt=\"\" \/><\/p>\n<div class=\"row\">\n<div class=\"col-sm-12 visible-xs-block visible-sm-block\"><img decoding=\"async\" class=\"img-responsive\" src=\"https:\/\/www.directmethod.com\/wp-content\/themes\/diectmethodv2\/images\/tlo_dlpro.jpg\" alt=\"\" \/><\/div>\n<div class=\"col-sm-12 col-md-5\">\n<div class=\"text-container text-table\">\n<div class=\"text-container text-cell\">\n<div class=\"image-container\">\n<div class=\"scrollflow-slide-left obrazek-telefon\">\n<\/div>\n<\/div>\n<\/div>\n<\/div>\n<\/div>\n<div class=\"col-md-2 visible-md-inline visible-lg-inline\">\n<div class=\"text-container text-table\">\n<div class=\"text-container text-cell\">\n<div class=\"image-container\">\n<div class=\"block\" data-scale=\"0.2\" data-rotate-x=\"60deg\" data-move-z=\"-200px\" data-move-x=\"100px\">\n<img loading=\"lazy\" decoding=\"async\" src=\"https:\/\/www.directmethod.com\/wp-content\/uploads\/logo_direct_language_pro_n.png\" alt=\"\" width=\"124\" height=\"116\" class=\"alignnone size-full wp-image-354\" \/>\n<\/div>\n<\/div>\n<\/div>\n<\/div>\n<\/div>\n<div class=\"col-sm-12 col-md-5\">\n<div class=\"text-container text-table\">\n<div class=\"text-container text-cell\">\n<div class=\"scrollflow-slide-top\">\n<h2>DL PRO<\/h2>\n<p>Quelle que soit la taille de votre \u00e9cole, le logiciel DL PRO fera de la gestion de votre entreprise un v\u00e9ritable plaisir. G\u00e9rez facilement le calendrier des cours et les horaires de votre \u00e9quipe d&rsquo;enseignants.<\/p>\n<p>DL PRO vous permet de g\u00e9rer facilement diff\u00e9rents types de paiement : abonnement mensuel, paiement \u00e0 l&rsquo;avance ou \u00e0 terme \u00e9chu pour les le\u00e7ons termin\u00e9es. V\u00e9rifiez l&rsquo;\u00e9tat des paiements et envoyez des rappels par e-mail ou par SMS.<\/p>\n<p>Les cours en ligne simples sont int\u00e9gr\u00e9s dans le calendrier scolaire, sans avoir \u00e0 rechercher des salles, \u00e0 envoyer des liens ou \u00e0 cr\u00e9er des comptes suppl\u00e9mentaires.<\/p>\n<p><a class=\"btn btn-large btn-primary\" href=\"https:\/\/www.dlpro.online\/en\/\" target=\"_blank\" ><i class=\"fa fa-sign-in\"><\/i> www.dlpro.online<\/a><\/p>\n<\/div>\n<\/div>\n<\/div>\n<\/div>\n<\/div>\n<\/div>\n<\/div>\n<\/div>\n<div class=\"background-container\">\n<div class=\"container\">\n<div class=\"row\">\n<div class=\"col-md-12\">\n<div class=\"image-container\">\n<p><img loading=\"lazy\" decoding=\"async\" class=\" wp-image-17 size-full aligncenter\" src=\"https:\/\/www.directmethod.com\/wp-content\/uploads\/cyborgi.png\" alt=\"cyborgi\" width=\"486\" height=\"322\" \/><\/p>\n<\/div>\n<\/div>\n<\/div>\n<\/div>\n<\/div>\n<div class=\"background-container\">\n<div class=\"container\">\n<div class=\"row\">\n<div class=\"col-sm-4\">\n<div class=\"box-container bgc-00 block\" data-move-y=\"150px\" data-move-x=\"-60px\">\n<p><img loading=\"lazy\" decoding=\"async\" class=\" size-full wp-image-18 aligncenter\" src=\"https:\/\/www.directmethod.com\/wp-content\/uploads\/mala_iconka_01.png\" alt=\"mala_iconka_01\" width=\"84\" height=\"84\" \/><\/p>\n<p style=\"text-align: center;\">On peut dire que le but principal de la m\u00e9thode directe est d&rsquo;enseigner la comp\u00e9tence de communication dans une langue \u00e9trang\u00e8re, en minimisant l&rsquo;utilisation de la langue maternelle pendant les cours et en cr\u00e9ant certains r\u00e9flexes linguistiques. Cela nous conduit \u00e0 penser dans une langue que nous voulons apprendre, ce qui facilite par cons\u00e9quent son utilisation dans la pratique.<\/p>\n<\/div>\n<\/div>\n<div class=\"col-sm-4\">\n<div class=\"box-container bgc-00 block\" data-move-y=\"150px\" data-move-x=\"0px\">\n<p><img loading=\"lazy\" decoding=\"async\" class=\" size-full wp-image-19 aligncenter\" src=\"https:\/\/www.directmethod.com\/wp-content\/uploads\/mala_iconka_02.png\" alt=\"mala_iconka_02\" width=\"84\" height=\"84\" \/><\/p>\n<p style=\"text-align: center;\">La m\u00e9thode directe met fortement l&rsquo;accent sur la pratique et le travail de l\u2019orale \u2013 l\u2019\u00e9coute et l\u2019expression orale. Environ 80\u00a0% du temps de la le\u00e7on est consacr\u00e9 \u00e0 l&rsquo;expression orale avec l&rsquo;enseignant pendant laquelle il pose des questions bas\u00e9es sur le vocabulaire et la grammaire pr\u00e9c\u00e9demment introduits. Ainsi, le nouveau mat\u00e9riel est pratiqu\u00e9 \u00e0 la fois dans la pratique et dans un contexte appropri\u00e9.<\/p>\n<\/div>\n<\/div>\n<div class=\"col-sm-4\">\n<div class=\"box-container bgc-00 block\" data-move-y=\"150px\" data-move-x=\"60px\">\n<p><img loading=\"lazy\" decoding=\"async\" class=\" size-full wp-image-20 aligncenter\" src=\"https:\/\/www.directmethod.com\/wp-content\/uploads\/mala_iconka_03.png\" alt=\"mala_iconka_03\" width=\"83\" height=\"84\" \/><\/p>\n<p style=\"text-align: center;\">La meilleure fa\u00e7on d&rsquo;apprendre une langue est tout simplement la parler. Les apprenants participent activement aux cours en r\u00e9pondant aux questions de l&rsquo;enseignant par des phrases compl\u00e8tes afin d&rsquo;\u00e9tendre le temps de leur expression orale et de pratiquer autant de mots et structures grammaticales que possible.<br \/>\nPour r\u00e9sumer, le vocabulaire est plus important que la grammaire, mais c&rsquo;est l&rsquo;expression orale qui est la plus importante.<\/p>\n<\/div>\n<\/div>\n<\/div>\n<\/div>\n<\/div>\n","protected":false},"excerpt":{"rendered":"","protected":false},"author":1,"featured_media":0,"parent":0,"menu_order":0,"comment_status":"closed","ping_status":"closed","template":"","meta":{"_locale":"fr_FR","_original_post":"http:\/\/www.directmethod.com\/?page_id=371","footnotes":""},"class_list":["post-397","page","type-page","status-publish","hentry","fr-FR"],"_links":{"self":[{"href":"https:\/\/www.directmethod.com\/wp-json\/wp\/v2\/pages\/397","targetHints":{"allow":["GET"]}}],"collection":[{"href":"https:\/\/www.directmethod.com\/wp-json\/wp\/v2\/pages"}],"about":[{"href":"https:\/\/www.directmethod.com\/wp-json\/wp\/v2\/types\/page"}],"author":[{"embeddable":true,"href":"https:\/\/www.directmethod.com\/wp-json\/wp\/v2\/users\/1"}],"replies":[{"embeddable":true,"href":"https:\/\/www.directmethod.com\/wp-json\/wp\/v2\/comments?post=397"}],"version-history":[{"count":3,"href":"https:\/\/www.directmethod.com\/wp-json\/wp\/v2\/pages\/397\/revisions"}],"predecessor-version":[{"id":449,"href":"https:\/\/www.directmethod.com\/wp-json\/wp\/v2\/pages\/397\/revisions\/449"}],"wp:attachment":[{"href":"https:\/\/www.directmethod.com\/wp-json\/wp\/v2\/media?parent=397"}],"curies":[{"name":"wp","href":"https:\/\/api.w.org\/{rel}","templated":true}]}}