{"id":409,"date":"2025-04-07T18:37:14","date_gmt":"2025-04-07T16:37:14","guid":{"rendered":"http:\/\/www.directmethod.com\/?page_id=409"},"modified":"2025-09-24T16:44:12","modified_gmt":"2025-09-24T14:44:12","slug":"home","status":"publish","type":"page","link":"https:\/\/www.directmethod.com\/","title":{"rendered":"Home"},"content":{"rendered":"<div class=\"background-container bgc-02\">\n<div class=\"container\" style=\"position: relative;\"><img decoding=\"async\" class=\"logo-mobile visible-xs-block visible-sm-block\" src=\"https:\/\/www.directmethod.com\/wp-content\/themes\/diectmethodv2\/images\/logo_direct_language_lab_n.png\" alt=\"\" \/><\/p>\n<div class=\"row\">\n<div class=\"col-sm-12 visible-xs-block visible-sm-block\"><img decoding=\"async\" class=\"img-responsive\" style=\"float: right;\" src=\"https:\/\/www.directmethod.com\/wp-content\/themes\/diectmethodv2\/images\/okladki.png\" alt=\"\" \/><\/div>\n<div class=\"col-sm-12 col-md-5\">\n<div class=\"text-container text-table\">\n<div class=\"text-container text-cell\">\n<div class=\"scrollflow-slide-top\">\n<h2>Direct Language Lab<\/h2>\n<p>Publicamos libros para la ense\u00f1anza y el aprendizaje de idiomas destinados a empresas, escuelas de idiomas y estudiantes de todo el mundo. En la actualidad, colaboramos con 700 escuelas de idiomas de m\u00e1s de 30 pa\u00edses. <\/p>\n<p>Nuestro objetivo es proveer a las escuelas de idiomas de libros destinados al aprendizaje de lenguas extranjeras mediante el m\u00e9todo directo. <\/p>\n<p>Proporcionamos libros para ense\u00f1ar ingl\u00e9s, franc\u00e9s, alem\u00e1n, italiano, espa\u00f1ol, portugu\u00e9s, polaco y ruso y, adem\u00e1s, ingl\u00e9s comercial.<\/p>\n<p><a class=\"btn btn-large btn-primary\" href=\"https:\/\/www.dllab.eu\/\" target=\"_blank\" ><i class=\"fa fa-sign-in\"><\/i> www.dllab.eu<\/a><\/p>\n<p><button class=\"btn btn-large btn-danger film-01\"><i class=\"fa fa-film\"><\/i> Direct Language Lab <\/button><\/p>\n<p><button class=\"btn btn-large btn-danger film-02\"><i class=\"fa fa-film\"><\/i> Direct Language Lab Ad<\/button><\/p>\n<\/div>\n<\/div>\n<\/div>\n<\/div>\n<div class=\"col-md-2 visible-md-inline visible-lg-inline\">\n<div class=\"text-container text-table\">\n<div class=\"text-container text-cell\">\n<div class=\"image-container\">\n<div class=\"block\" data-scale=\"0.2\" data-rotate-x=\"60deg\" data-move-z=\"-200px\" data-move-x=\"100px\">\n<p><img loading=\"lazy\" decoding=\"async\" class=\"alignnone size-full wp-image-8\" src=\"https:\/\/www.directmethod.com\/wp-content\/uploads\/logo_direct_language_lab_n.png\" alt=\"logo_direct_language_lab_n\" width=\"124\" height=\"116\" \/><\/p>\n<\/div>\n<\/div>\n<\/div>\n<\/div>\n<\/div>\n<div class=\"col-md-5 visible-md-inline visible-lg-inline\">\n<div class=\"text-container text-table\">\n<div class=\"text-container text-cell\">\n<div class=\"image-container\">\n<div class=\"scrollflow-slide-left obrazek-okladki\">\n<p><img loading=\"lazy\" decoding=\"async\" class=\"alignnone size-full wp-image-203\" src=\"https:\/\/www.directmethod.com\/wp-content\/uploads\/okladki1.png\" alt=\"okladki\" width=\"513\" height=\"482\" \/><\/p>\n<\/div>\n<\/div>\n<\/div>\n<\/div>\n<\/div>\n<\/div>\n<div id=\"tester-01\" class=\"row\" style=\"display: none;\">\n<div class=\"col-md-12\">\n<div class=\"top-film-bg\">\n<div class=\"top-film\">\n<div class=\"top-film-container\"><iframe loading=\"lazy\" width=\"853\" height=\"480\" src=\"https:\/\/www.youtube.com\/embed\/MPgyola6fkg?fs=1&amp;hl=pl_PL&amp;autoplay=0&amp;hd=1&amp;loop=1&amp;showinfo=0&amp;showsearch=0&amp;rel=0&amp;iv_load_policy=3&amp;html5=True\" frameborder=\"0\" allowfullscreen><\/iframe><\/div>\n<\/div>\n<\/div>\n<\/div>\n<\/div>\n<div id=\"tester-02\" class=\"row\" style=\"display: none;\">\n<div class=\"col-md-12\">\n<div class=\"top-film-bg\">\n<div class=\"top-film\">\n<div class=\"top-film-container\"><iframe loading=\"lazy\" width=\"853\" height=\"480\" src=\"https:\/\/www.youtube.com\/embed\/7bQlB-aB3Iw?fs=1&amp;hl=pl_PL&amp;autoplay=0&amp;hd=1&amp;loop=1&amp;showinfo=0&amp;showsearch=0&amp;rel=0&amp;iv_load_policy=3&amp;html5=True\" frameborder=\"0\" allowfullscreen><\/iframe><\/div>\n<\/div>\n<\/div>\n<\/div>\n<\/div>\n<\/div>\n<\/div>\n<div class=\"background-container bgc-02\">\n<div class=\"container\" style=\"position: relative;\"><img decoding=\"async\" class=\"logo-mobile visible-xs-block visible-sm-block\" src=\"https:\/\/www.directmethod.com\/wp-content\/themes\/diectmethodv2\/images\/2025\/logo_mosaico_method.png\" alt=\"\" \/><\/p>\n<div class=\"row\">\n<div class=\"col-sm-12 visible-xs-block visible-sm-block\"><img decoding=\"async\" class=\"img-responsive\" style=\"float: right;\" src=\"https:\/\/www.directmethod.com\/wp-content\/themes\/diectmethodv2\/images\/2025\/okladki_mosaico_method_m.png\" alt=\"\" \/><\/div>\n<div class=\"col-sm-12 col-md-5\">\n<div class=\"text-container text-table\">\n<div class=\"text-container text-cell\">\n<div class=\"scrollflow-slide-top\">\n<h2>Mosaico Method<\/h2>\n<p>Ofrecemos materiales innovadores para la ense\u00f1anza de idiomas dise\u00f1ados espec\u00edficamente para ni\u00f1os de primaria.<\/p>\n<p>Cada una de las dos series completas &#8211; English for Kids (7-9 a\u00f1os) e English for Juniors (9-12 a\u00f1os) &#8211; incluye libros del alumno, libros del profesor, cuadernos de ejercicios y recursos adicionales como libros de ilustraciones y una aplicaci\u00f3n m\u00f3vil.<\/p>\n<p>Nuestro m\u00e9todo de ense\u00f1anza hace hincapi\u00e9 en el aprendizaje inmersivo y multisensorial, que hace que la adquisici\u00f3n del idioma sea natural y agradable para los j\u00f3venes estudiantes.<\/p>\n<p><a class=\"btn btn-large btn-primary\" href=\"https:\/\/www.mosaicomethod.eu\/\" target=\"_blank\" ><i class=\"fa fa-sign-in\"><\/i> www.mosaicomethod.eu<\/a><\/p>\n<\/div>\n<\/div>\n<\/div>\n<\/div>\n<div class=\"col-md-2 visible-md-inline visible-lg-inline\">\n<div class=\"text-container text-table\">\n<div class=\"text-container text-cell\">\n<div class=\"image-container\">\n<div class=\"block\" data-scale=\"0.2\" data-rotate-x=\"60deg\" data-move-z=\"-200px\" data-move-x=\"100px\">\n<img loading=\"lazy\" decoding=\"async\" src=\"https:\/\/www.directmethod.com\/wp-content\/uploads\/logo_mosaico_method_n.png\" alt=\"\" width=\"124\" height=\"116\" class=\"alignnone size-full wp-image-439\" \/>\n<\/div>\n<\/div>\n<\/div>\n<\/div>\n<\/div>\n<div class=\"col-md-5 visible-md-inline visible-lg-inline\">\n<div class=\"text-container text-table\">\n<div class=\"text-container text-cell\">\n<div class=\"image-container\">\n<div class=\"scrollflow-slide-left obrazek-okladki\">\n<img loading=\"lazy\" decoding=\"async\" src=\"https:\/\/www.directmethod.com\/wp-content\/uploads\/okladki_mosaico_method_m.png\" alt=\"\" width=\"513\" height=\"482\" class=\"alignnone size-full wp-image-440\" srcset=\"https:\/\/www.directmethod.com\/wp-content\/uploads\/okladki_mosaico_method_m.png 513w, https:\/\/www.directmethod.com\/wp-content\/uploads\/okladki_mosaico_method_m-300x282.png 300w\" sizes=\"auto, (max-width: 513px) 100vw, 513px\" \/>\n<\/div>\n<\/div>\n<\/div>\n<\/div>\n<\/div>\n<\/div>\n<\/div>\n<\/div>\n<div class=\"background-container bgc-06\">\n<div class=\"background-container\">\n<div class=\"container region-01-pro\" style=\"position: relative;\"><img decoding=\"async\" class=\"logo-mobile visible-xs-block visible-sm-block\" src=\"https:\/\/www.directmethod.com\/wp-content\/themes\/diectmethodv2\/images\/logo_a_mobile_application_n.png\" alt=\"\" \/><\/p>\n<div class=\"row\">\n<div class=\"col-sm-12 visible-xs-block visible-sm-block\"><img decoding=\"async\" class=\"img-responsive\" src=\"https:\/\/www.directmethod.com\/wp-content\/themes\/diectmethodv2\/images\/tlo_dlpro.jpg\" alt=\"\" \/><\/div>\n<div class=\"col-sm-12 col-md-5\">\n<div class=\"text-container text-table\">\n<div class=\"text-container text-cell\">\n<div class=\"image-container\">\n<div class=\"scrollflow-slide-left obrazek-telefon\">\n<\/div>\n<\/div>\n<\/div>\n<\/div>\n<\/div>\n<div class=\"col-md-2 visible-md-inline visible-lg-inline\">\n<div class=\"text-container text-table\">\n<div class=\"text-container text-cell\">\n<div class=\"image-container\">\n<div class=\"block\" data-scale=\"0.2\" data-rotate-x=\"60deg\" data-move-z=\"-200px\" data-move-x=\"100px\">\n<img loading=\"lazy\" decoding=\"async\" src=\"https:\/\/www.directmethod.com\/wp-content\/uploads\/logo_direct_language_pro_n.png\" alt=\"\" width=\"124\" height=\"116\" class=\"alignnone size-full wp-image-354\" \/>\n<\/div>\n<\/div>\n<\/div>\n<\/div>\n<\/div>\n<div class=\"col-sm-12 col-md-5\">\n<div class=\"text-container text-table\">\n<div class=\"text-container text-cell\">\n<div class=\"scrollflow-slide-top\">\n<h2>DL PRO<\/h2>\n<p>No importa el tama\u00f1o de su escuela, el software DL PRO har\u00e1 que la gesti\u00f3n de su negocio sea un placer. Gestione c\u00f3modamente el calendario de clases y los horarios de su equipo de profesores.<\/p>\n<p>DL PRO le permite gestionar f\u00e1cilmente diferentes tipos de pago: suscripci\u00f3n mensual, pago por adelantado o a plazos por las clases completadas. Compruebe el estado de los pagos y env\u00ede recordatorios por correo electr\u00f3nico o SMS.<\/p>\n<p>Las lecciones en l\u00ednea sencillas se integran en el calendario escolar, sin necesidad de buscar aulas, enviar enlaces o configurar cuentas adicionales.<\/p>\n<p><a class=\"btn btn-large btn-primary\" href=\"https:\/\/www.dlpro.online\/es\/\" target=\"_blank\" ><i class=\"fa fa-sign-in\"><\/i> www.dlpro.online<\/a><\/p>\n<\/div>\n<\/div>\n<\/div>\n<\/div>\n<\/div>\n<\/div>\n<\/div>\n<\/div>\n<div class=\"background-container\">\n<div class=\"container\">\n<div class=\"row\">\n<div class=\"col-md-12\">\n<div class=\"image-container\">\n<p><img loading=\"lazy\" decoding=\"async\" class=\" wp-image-17 size-full aligncenter\" src=\"https:\/\/www.directmethod.com\/wp-content\/uploads\/cyborgi.png\" alt=\"cyborgi\" width=\"486\" height=\"322\" \/><\/p>\n<\/div>\n<\/div>\n<\/div>\n<\/div>\n<\/div>\n<div class=\"background-container\">\n<div class=\"container\">\n<div class=\"row\">\n<div class=\"col-sm-4\">\n<div class=\"box-container bgc-00 block\" data-move-y=\"150px\" data-move-x=\"-60px\">\n<p><img loading=\"lazy\" decoding=\"async\" class=\" size-full wp-image-18 aligncenter\" src=\"https:\/\/www.directmethod.com\/wp-content\/uploads\/mala_iconka_01.png\" alt=\"mala_iconka_01\" width=\"84\" height=\"84\" \/><\/p>\n<p style=\"text-align: center;\">Se podr\u00eda decir que el objetivo primordial del m\u00e9todo directo consiste en que los estudiantes adquieran la habilidad de comunicarse en un idioma extranjero mediante la reducci\u00f3n al m\u00ednimo del uso de su idioma materno y tambi\u00e9n a trav\u00e9s del entrenamiento de sus reflejos ling\u00fc\u00edsticos. Esto hace que el estudiante llegue a pensar en el idioma que est\u00e1 aprendiendo, lo cual le permite adquirir la habilidad de expresarse en dicho idioma con facilidad.<\/p>\n<\/div>\n<\/div>\n<div class=\"col-sm-4\">\n<div class=\"box-container bgc-00 block\" data-move-y=\"150px\" data-move-x=\"0px\">\n<p><img loading=\"lazy\" decoding=\"async\" class=\" size-full wp-image-19 aligncenter\" src=\"https:\/\/www.directmethod.com\/wp-content\/uploads\/mala_iconka_02.png\" alt=\"mala_iconka_02\" width=\"84\" height=\"84\" \/><\/p>\n<p style=\"text-align: center;\">El m\u00e9todo directo enfatiza el uso pr\u00e1ctico del idioma y la adquisici\u00f3n de habilidades de comunicaci\u00f3n mediante ejercicios de comprensi\u00f3n auditiva y de conversaci\u00f3n.<br \/>\nEn torno al 80% de cada lecci\u00f3n se destina a la conversaci\u00f3n mediante di\u00e1logos guiados en los que el profesor hace preguntas al alumno relacionadas con el vocabulario y la gram\u00e1tica previamente introducidos. De esta forma, el nuevo material se aprende de forma pr\u00e1ctica y en relaci\u00f3n con un contexto apropiado.<\/p>\n<\/div>\n<\/div>\n<div class=\"col-sm-4\">\n<div class=\"box-container bgc-00 block\" data-move-y=\"150px\" data-move-x=\"60px\">\n<p><img loading=\"lazy\" decoding=\"async\" class=\" size-full wp-image-20 aligncenter\" src=\"https:\/\/www.directmethod.com\/wp-content\/uploads\/mala_iconka_03.png\" alt=\"mala_iconka_03\" width=\"83\" height=\"84\" \/><\/p>\n<p style=\"text-align: center;\">La mejor manera de aprender un idioma es sencillamente hablarlo. Los estudiantes participan activamente en las lecciones contestando las preguntas del profesor de manera elaborada, lo cual consigue que destinen la mayor parte del tiempo a la conversaci\u00f3n y a practicar con el mayor n\u00famero posible de palabras y estructuras gramaticales.<br \/>\nEn resumen, el vocabulario tiene m\u00e1s peso que la gram\u00e1tica, y lo m\u00e1s importante de todo es la conversaci\u00f3n.<\/p>\n<\/div>\n<\/div>\n<\/div>\n<\/div>\n<\/div>\n","protected":false},"excerpt":{"rendered":"","protected":false},"author":1,"featured_media":0,"parent":0,"menu_order":0,"comment_status":"closed","ping_status":"closed","template":"","meta":{"_locale":"es_ES","_original_post":"http:\/\/www.directmethod.com\/?page_id=371","footnotes":""},"class_list":["post-409","page","type-page","status-publish","hentry","es-ES"],"_links":{"self":[{"href":"https:\/\/www.directmethod.com\/wp-json\/wp\/v2\/pages\/409","targetHints":{"allow":["GET"]}}],"collection":[{"href":"https:\/\/www.directmethod.com\/wp-json\/wp\/v2\/pages"}],"about":[{"href":"https:\/\/www.directmethod.com\/wp-json\/wp\/v2\/types\/page"}],"author":[{"embeddable":true,"href":"https:\/\/www.directmethod.com\/wp-json\/wp\/v2\/users\/1"}],"replies":[{"embeddable":true,"href":"https:\/\/www.directmethod.com\/wp-json\/wp\/v2\/comments?post=409"}],"version-history":[{"count":5,"href":"https:\/\/www.directmethod.com\/wp-json\/wp\/v2\/pages\/409\/revisions"}],"predecessor-version":[{"id":456,"href":"https:\/\/www.directmethod.com\/wp-json\/wp\/v2\/pages\/409\/revisions\/456"}],"wp:attachment":[{"href":"https:\/\/www.directmethod.com\/wp-json\/wp\/v2\/media?parent=409"}],"curies":[{"name":"wp","href":"https:\/\/api.w.org\/{rel}","templated":true}]}}